{"id":4140,"date":"2020-03-07T23:51:10","date_gmt":"2020-03-07T21:51:10","guid":{"rendered":"https:\/\/sakumois.ee\/accommodation\/accommodation-pricelist\/"},"modified":"2023-09-04T10:34:44","modified_gmt":"2023-09-04T07:34:44","slug":"accommodation-pricelist","status":"publish","type":"page","link":"https:\/\/sakumois.ee\/en\/accommodation\/accommodation-pricelist\/","title":{"rendered":"Accommodation Pricelist"},"content":{"rendered":"<div class=\"flex_column av_one_full  flex_column_div av-zero-column-padding first  \" style='border-radius:0px; '><div style='padding-bottom:10px;' class='av-special-heading av-special-heading-h1  blockquote modern-quote modern-centered  '><h1 class='av-special-heading-tag '  itemprop=\"headline\"  >Prices<\/h1><div class='special-heading-border'><div class='special-heading-inner-border' ><\/div><\/div><\/div><\/div>\n<div class=\"flex_column av_one_full  flex_column_div av-zero-column-padding first  \" style='border-radius:2px; '><section class=\"av_textblock_section \"  itemscope=\"itemscope\" itemtype=\"https:\/\/schema.org\/CreativeWork\" ><div class='avia_textblock  '   itemprop=\"text\" ><p>We have two types of rooms \u2013 standard and deluxe. Deluxe rooms have a toilet and a shower in the room; standard rooms have a toilet and a shower outside the room.<\/p>\n<p>Our 11 rooms accommodate 24 guests. With extra beds, we can accommodate up to 36 guests.<\/p>\n<\/div><\/section><\/div>\n<div class=\"flex_column av_one_full  flex_column_div first  \" style='padding:0px 0px 0px 5% ; border-radius:2px; '><p><section class=\"av_textblock_section \"  itemscope=\"itemscope\" itemtype=\"https:\/\/schema.org\/CreativeWork\" ><div class='avia_textblock  '   itemprop=\"text\" ><p>Accommodation in all rooms of the manor include:<\/p>\n<ul>\n<li>Breakfast at the Restaurant<\/li>\n<li>Free use of a bathrobe and slippers for all visitors of the BeerSPA<\/li>\n<li><\/li>\n<\/ul>\n<\/div><\/section><br \/>\n<div style='height:6px' class='hr hr-invisible  '><span class='hr-inner ' ><span class='hr-inner-style'><\/span><\/span><\/div><br \/>\n<section class=\"av_textblock_section \"  itemscope=\"itemscope\" itemtype=\"https:\/\/schema.org\/CreativeWork\" ><div class='avia_textblock  '   itemprop=\"text\" ><table class=\" aligncenter\" style=\"width: 100%; max-width: 560px;\">\n<tbody>\n<tr>\n<td style=\"width: 97.7762%;\">\n<h4><strong>Room<\/strong><\/h4>\n<\/td>\n<td style=\"width: 15.2238%;\"><span style=\"font-size: 12pt;\"><strong>Price\/night<\/strong><\/span><\/td>\n<\/tr>\n<tr>\n<td style=\"width: 97.7762%;\">\n<h4><strong>Suite<\/strong><\/h4>\n<p>(large bed for 2 + sofa bed; 2 rooms, TV, private shower and toilet)<\/td>\n<td style=\"width: 15.2238%;\"><\/td>\n<\/tr>\n<tr>\n<td style=\"width: 97.7762%;\"><\/td>\n<td style=\"width: 15.2238%;\"><\/td>\n<\/tr>\n<tr>\n<td style=\"width: 97.7762%;\">\n<h4><strong>Twin deluxe<\/strong><\/h4>\n<p>(2 per + possible extra bed; private shower + toilet)<\/td>\n<td style=\"width: 15.2238%;\"><\/td>\n<\/tr>\n<tr>\n<td style=\"width: 97.7762%;\">\n<h4><strong>Triple deluxe<\/strong><\/h4>\n<p>(3 per + 2 extra bed possibility + sofa bed; private shower and toilet)<\/td>\n<td style=\"width: 15.2238%;\"><\/td>\n<\/tr>\n<tr>\n<td style=\"width: 97.7762%;\">\n<h4><strong>Twin\u00a0standard<\/strong><\/h4>\n<p>(2 in + lisakoha v\u00f5imalus; du\u0161\u0161 ja wc v\u00e4ljaspool tuba)<\/td>\n<td style=\"width: 15.2238%;\"><\/td>\n<\/tr>\n<tr>\n<td style=\"width: 97.7762%;\">\n<h4><strong>Quadrupe standard<\/strong><\/h4>\n<p>(4 per + 2 extra bed possibility; shower and toilet next to the room)<\/td>\n<td style=\"width: 15.2238%;\"><\/td>\n<\/tr>\n<\/tbody>\n<\/table>\n<\/div><\/section><br \/>\n<div class='avia-button-wrap avia-button-center '><a href=\"https:\/\/www.booking.com\/hotel\/ee\/saku-manor.et.html?label=gen173nr-1FCAEoggI46AdIM1gEaEKIAQGYATG4AQfIAQzYAQHoAQH4AQKIAgGoAgM;sid=dbc337093681060e9c42cec1ede6c49f;dest_id=-2625222;dest_type=city;dist=0;group_adults=2;hapos=1;hpos=1;room1=A%2CA;sb_price_type=total;sr_order=popularity;srepoch=1546623512;srpvid=6f7c7c0c5ae00024;type=total;ucfs=1\" class=\"avia-button   avia-icon_select-no avia-color-custom avia-size-large avia-position-center \" target=\"_blank\" style=\"background-color:#444444; border-color:#444444; color:#ffffff; \" rel=\"noopener\"><span class='avia_iconbox_title' >Booking.com<\/span><\/a><\/div><\/p><\/div><div class=\"flex_column av_one_full  flex_column_div first  \" style='padding:2% 0 0 5% ; border-radius:2px; '><section class=\"av_textblock_section \"  itemscope=\"itemscope\" itemtype=\"https:\/\/schema.org\/CreativeWork\" ><div class='avia_textblock  '   itemprop=\"text\" ><h4 style=\"padding: 0 0 10px 0;\"><strong>Special conditions of accommodation and additional fees<\/strong><\/h4>\n<ul>\n<li>Late check out and early check in is possible only in prior agreement.\u00a0 Extra fee 25 \u20ac.<\/li>\n<li>Extra bed can be placed in every room, except standard twin.<\/li>\n<li>Extra bed (from the age of 13 )\u00a0 20 \u20ac\u00a0 (includes breakfast).<\/li>\n<li>Extra bed ( from 7 till 12 years old) 10\u20ac.<\/li>\n<li>Children till 12 years old, can stay without extra fee in parents bed;\u00a0 Breakfast with extra fee from the age of 7.<\/li>\n<\/ul>\n<\/div><\/section><\/div><\/p>\n<div class=\"flex_column av_one_full  flex_column_div first  \" style='padding:26px 0px 0px 10px ; border-radius:0px; '><div class='avia-image-container  av-styling-    avia-align-center '  itemprop=\"ImageObject\" itemscope=\"itemscope\" itemtype=\"https:\/\/schema.org\/ImageObject\"  ><div class='avia-image-container-inner'><img class='avia_image ' src='https:\/\/sakumois.ee\/wp-content\/uploads\/SAKU-Mois-1ilu.png' alt='' title='SAKU-Mois-1ilu'   itemprop=\"thumbnailUrl\"  \/><\/div><\/div><\/div>\n","protected":false},"excerpt":{"rendered":"","protected":false},"author":3,"featured_media":0,"parent":4136,"menu_order":0,"comment_status":"closed","ping_status":"closed","template":"","meta":{"footnotes":""},"class_list":["post-4140","page","type-page","status-publish","hentry"],"_links":{"self":[{"href":"https:\/\/sakumois.ee\/en\/wp-json\/wp\/v2\/pages\/4140","targetHints":{"allow":["GET"]}}],"collection":[{"href":"https:\/\/sakumois.ee\/en\/wp-json\/wp\/v2\/pages"}],"about":[{"href":"https:\/\/sakumois.ee\/en\/wp-json\/wp\/v2\/types\/page"}],"author":[{"embeddable":true,"href":"https:\/\/sakumois.ee\/en\/wp-json\/wp\/v2\/users\/3"}],"replies":[{"embeddable":true,"href":"https:\/\/sakumois.ee\/en\/wp-json\/wp\/v2\/comments?post=4140"}],"version-history":[{"count":17,"href":"https:\/\/sakumois.ee\/en\/wp-json\/wp\/v2\/pages\/4140\/revisions"}],"predecessor-version":[{"id":5705,"href":"https:\/\/sakumois.ee\/en\/wp-json\/wp\/v2\/pages\/4140\/revisions\/5705"}],"up":[{"embeddable":true,"href":"https:\/\/sakumois.ee\/en\/wp-json\/wp\/v2\/pages\/4136"}],"wp:attachment":[{"href":"https:\/\/sakumois.ee\/en\/wp-json\/wp\/v2\/media?parent=4140"}],"curies":[{"name":"wp","href":"https:\/\/api.w.org\/{rel}","templated":true}]}}