{"id":4161,"date":"2020-03-08T01:46:29","date_gmt":"2020-03-07T23:46:29","guid":{"rendered":"https:\/\/sakumois.ee\/events\/concerts\/"},"modified":"2020-12-05T18:41:40","modified_gmt":"2020-12-05T16:41:40","slug":"concerts","status":"publish","type":"page","link":"https:\/\/sakumois.ee\/en\/events\/concerts\/","title":{"rendered":"Concerts"},"content":{"rendered":"<div class=\"flex_column av_one_full  flex_column_div first  \" style='border-width:2px; border-color:#5b452c; border-style:solid; padding:3% 0 0 1% ; background-color:#f4e5c9; border-radius:0px; '><p><div style='padding-bottom:18px;font-size:40px;' class='av-special-heading av-special-heading-h4 meta-heading blockquote modern-quote modern-centered  av-inherit-size '><h4 class='av-special-heading-tag '  itemprop=\"headline\"  >Kaire Vilgats ja Paul Neitsov.  <\/h4><div class='special-heading-border'><div class='special-heading-inner-border' ><\/div><\/div><\/div><br \/>\n<section class=\"av_textblock_section \"  itemscope=\"itemscope\" itemtype=\"https:\/\/schema.org\/CreativeWork\" ><div class='avia_textblock  '   itemprop=\"text\" ><h2 style=\"text-align: center;\">Kontsertreis \u2018\u2019T\u00e4htede poole\u2019\u2019<\/h2>\n<h2 style=\"text-align: center;\">11.11.2020\u00a0 kell 19:00<\/h2>\n<p style=\"text-align: center;\">Kontsertkava l\u00e4bivaks teemaks on Silvi Vraidi esitatud looming, kuid mitte ainult.<\/p>\n<p style=\"text-align: center;\">Lisaks k\u00f5lab maailma rokiklassikat &#8211;\u00a0Queeni,\u00a0Prince\u2019i ja\u00a0Tina Turneriaegumatuid hitte;<\/p>\n<p style=\"text-align: center;\">ei puudu ka instrumentaalne kitarrimuusika -Pauli s\u00f5rmede alt<\/p>\n<p style=\"text-align: center;\">saab k\u00f5lama isegi T\u0161aikovski \u201cP\u00e4hklipurejast\u201dp\u00e4rit meloodiaid.<\/p>\n<p style=\"text-align: center;\">Sekka r\u00e4\u00e4givad artistid oma p\u00f5nevast elustja Kaire Vilgats pajatab kindlasti<\/p>\n<p style=\"text-align: center;\">m\u00f5ned lood m\u00e4lestustest oma \u00f5petajast, Silvi Vraidist.<\/p>\n<p style=\"text-align: center;\">Piletid\u00a0 <a href=\"https:\/\/www.piletilevi.ee\/est\/piletid\/muusika\/rock-ja-pop\/kaire-vilgats-ja-paul-neitsov-kontsertreis-tahtede-poole-321549\/?fbclid=IwAR1mxkcV84iBNi-6qOSR9z3Ubv5ZOmxmLPxxUeEtgM1cyUxkX36S9NcDbNE\" target=\"_blank\" rel=\"noopener\">Piletilevist<\/a><\/p>\n<p><img loading=\"lazy\" decoding=\"async\" class=\"aligncenter size-medium wp-image-5124\" src=\"https:\/\/sakumois.ee\/wp-content\/uploads\/\/Neitsov-Vilgats-354x500.jpg\" alt=\"\" width=\"354\" height=\"500\" srcset=\"https:\/\/sakumois.ee\/wp-content\/uploads\/Neitsov-Vilgats-354x500.jpg 354w, https:\/\/sakumois.ee\/wp-content\/uploads\/Neitsov-Vilgats-729x1030.jpg 729w, https:\/\/sakumois.ee\/wp-content\/uploads\/Neitsov-Vilgats-768x1086.jpg 768w, https:\/\/sakumois.ee\/wp-content\/uploads\/Neitsov-Vilgats-499x705.jpg 499w, https:\/\/sakumois.ee\/wp-content\/uploads\/Neitsov-Vilgats-600x848.jpg 600w, https:\/\/sakumois.ee\/wp-content\/uploads\/Neitsov-Vilgats.jpg 849w\" sizes=\"auto, (max-width: 354px) 100vw, 354px\" \/><\/p>\n<\/div><\/section><\/p><\/div><div class=\"flex_column av_one_full  flex_column_div av-zero-column-padding first  \" style='border-radius:0px; '><p><div style='height:26px' class='hr hr-invisible  '><span class='hr-inner ' ><span class='hr-inner-style'><\/span><\/span><\/div><br \/>\n<div class='avia-image-container avia_animated_image avia_animate_when_almost_visible top-to-bottom av-styling-    avia-align-center '  itemprop=\"ImageObject\" itemscope=\"itemscope\" itemtype=\"https:\/\/schema.org\/ImageObject\"  ><div class='avia-image-container-inner'><img class='avia_image ' src='https:\/\/sakumois.ee\/wp-content\/uploads\/SAKU-Mois-1ilu.png' alt='' title='SAKU-Mois-1ilu'   itemprop=\"thumbnailUrl\"  \/><\/div><\/div><br \/>\n<div style='height:10px' class='hr hr-invisible  '><span class='hr-inner ' ><span class='hr-inner-style'><\/span><\/span><\/div><\/p><\/div><\/p>\n<div class=\"flex_column av_one_full  flex_column_div av-zero-column-padding first  \" style='border-radius:0px; '><section class=\"av_textblock_section \"  itemscope=\"itemscope\" itemtype=\"https:\/\/schema.org\/CreativeWork\" ><div class='avia_textblock  '   itemprop=\"text\" >\t\t<div class=\"wcs-timetable__wrapper\">\n\t\t\t<div class=\"wcs-vue\" id=\"wcs-app-2\"><\/div>\n\t\t<\/div>\n\t\t\n<\/div><\/section><\/div>\n","protected":false},"excerpt":{"rendered":"","protected":false},"author":3,"featured_media":0,"parent":4159,"menu_order":0,"comment_status":"closed","ping_status":"closed","template":"","meta":{"footnotes":""},"class_list":["post-4161","page","type-page","status-publish","hentry"],"_links":{"self":[{"href":"https:\/\/sakumois.ee\/en\/wp-json\/wp\/v2\/pages\/4161","targetHints":{"allow":["GET"]}}],"collection":[{"href":"https:\/\/sakumois.ee\/en\/wp-json\/wp\/v2\/pages"}],"about":[{"href":"https:\/\/sakumois.ee\/en\/wp-json\/wp\/v2\/types\/page"}],"author":[{"embeddable":true,"href":"https:\/\/sakumois.ee\/en\/wp-json\/wp\/v2\/users\/3"}],"replies":[{"embeddable":true,"href":"https:\/\/sakumois.ee\/en\/wp-json\/wp\/v2\/comments?post=4161"}],"version-history":[{"count":13,"href":"https:\/\/sakumois.ee\/en\/wp-json\/wp\/v2\/pages\/4161\/revisions"}],"predecessor-version":[{"id":5127,"href":"https:\/\/sakumois.ee\/en\/wp-json\/wp\/v2\/pages\/4161\/revisions\/5127"}],"up":[{"embeddable":true,"href":"https:\/\/sakumois.ee\/en\/wp-json\/wp\/v2\/pages\/4159"}],"wp:attachment":[{"href":"https:\/\/sakumois.ee\/en\/wp-json\/wp\/v2\/media?parent=4161"}],"curies":[{"name":"wp","href":"https:\/\/api.w.org\/{rel}","templated":true}]}}