{"id":5015,"date":"2020-09-04T11:12:11","date_gmt":"2020-09-04T08:12:11","guid":{"rendered":"https:\/\/sakumois.ee\/1400-2\/"},"modified":"2020-09-08T22:09:56","modified_gmt":"2020-09-08T19:09:56","slug":"1400-2","status":"publish","type":"page","link":"https:\/\/sakumois.ee\/en\/1400-2\/","title":{"rendered":"1400"},"content":{"rendered":"<div class='avia-image-container  av-styling-    avia-align-center '  itemprop=\"ImageObject\" itemscope=\"itemscope\" itemtype=\"https:\/\/schema.org\/ImageObject\"  ><div class='avia-image-container-inner'><img class='avia_image ' src='https:\/\/sakumois.ee\/wp-content\/uploads\/Saku-mois_Ajalugu-500x350.jpg' alt='Saku Mois' title='Ajalugu'   itemprop=\"thumbnailUrl\"  \/><\/div><\/div>\n<div style='height:26px' class='hr hr-invisible  '><span class='hr-inner ' ><span class='hr-inner-style'><\/span><\/span><\/div>\n<div class='avia-image-container  av-styling-    avia-align-center '  itemprop=\"ImageObject\" itemscope=\"itemscope\" itemtype=\"https:\/\/schema.org\/ImageObject\"  ><div class='avia-image-container-inner'><img class='avia_image ' src='https:\/\/sakumois.ee\/wp-content\/uploads\/SAKU-Mois-1ilu.png' alt='' title='SAKU-Mois-1ilu'   itemprop=\"thumbnailUrl\"  \/><\/div><\/div>\n<div class=\"flex_column av_one_full  flex_column_div av-zero-column-padding first  \" style='border-radius:0px; '><div style='padding-bottom:40px;' class='av-special-heading av-special-heading-h1  blockquote modern-quote modern-centered  '><h1 class='av-special-heading-tag '  itemprop=\"headline\"  >1400 -1500 <\/h1><div class='special-heading-border'><div class='special-heading-inner-border' ><\/div><\/div><\/div><\/div>\n<div class=\"flex_column av_one_full  flex_column_div av-zero-column-padding first  \" style='border-radius:0px; '><p><section class=\"av_textblock_section \"  itemscope=\"itemscope\" itemtype=\"https:\/\/schema.org\/CreativeWork\" ><div class='avia_textblock  '   itemprop=\"text\" ><p>The oldest document that mentions Saku Manor dates back to 1489, when the heart of the manor was still in Kajamaa. Hans Friese (Vriese) gifted Saku Manor to his cousin J\u00fcrgen Museke (J\u00fcrgen Mysseke).<\/p>\n<p>After that and until the early years of the sixteenth century, the owners of Saku were the T\u00f6dwens. It is believed that the original Saku Manor was located in the village of T\u00f5dva. In 1438, the village of T\u00f5dva is ruled by T\u00f6dwen, son of Hermann Helmold. In 1470, it was ruled by Herman Diedr\u2019s son T\u00f6dwen and his brother.<\/p>\n<\/div><\/section><br \/>\n<div class='avia-image-container  av-styling-    avia-align-center '  itemprop=\"ImageObject\" itemscope=\"itemscope\" itemtype=\"https:\/\/schema.org\/ImageObject\"  ><div class='avia-image-container-inner'><img class='avia_image ' src='https:\/\/sakumois.ee\/wp-content\/uploads\/SAKU-Mois-1ilu.png' alt='' title='SAKU-Mois-1ilu'   itemprop=\"thumbnailUrl\"  \/><\/div><\/div><br \/>\n<div style='height:26px' class='hr hr-invisible  '><span class='hr-inner ' ><span class='hr-inner-style'><\/span><\/span><\/div><\/p><\/div>\n","protected":false},"excerpt":{"rendered":"","protected":false},"author":3,"featured_media":0,"parent":0,"menu_order":0,"comment_status":"closed","ping_status":"closed","template":"","meta":{"footnotes":""},"class_list":["post-5015","page","type-page","status-publish","hentry"],"_links":{"self":[{"href":"https:\/\/sakumois.ee\/en\/wp-json\/wp\/v2\/pages\/5015","targetHints":{"allow":["GET"]}}],"collection":[{"href":"https:\/\/sakumois.ee\/en\/wp-json\/wp\/v2\/pages"}],"about":[{"href":"https:\/\/sakumois.ee\/en\/wp-json\/wp\/v2\/types\/page"}],"author":[{"embeddable":true,"href":"https:\/\/sakumois.ee\/en\/wp-json\/wp\/v2\/users\/3"}],"replies":[{"embeddable":true,"href":"https:\/\/sakumois.ee\/en\/wp-json\/wp\/v2\/comments?post=5015"}],"version-history":[{"count":1,"href":"https:\/\/sakumois.ee\/en\/wp-json\/wp\/v2\/pages\/5015\/revisions"}],"predecessor-version":[{"id":5016,"href":"https:\/\/sakumois.ee\/en\/wp-json\/wp\/v2\/pages\/5015\/revisions\/5016"}],"wp:attachment":[{"href":"https:\/\/sakumois.ee\/en\/wp-json\/wp\/v2\/media?parent=5015"}],"curies":[{"name":"wp","href":"https:\/\/api.w.org\/{rel}","templated":true}]}}