{"id":5021,"date":"2020-09-04T11:14:30","date_gmt":"2020-09-04T08:14:30","guid":{"rendered":"https:\/\/sakumois.ee\/1700-2\/"},"modified":"2020-09-04T11:20:00","modified_gmt":"2020-09-04T08:20:00","slug":"1700-2","status":"publish","type":"page","link":"https:\/\/sakumois.ee\/en\/1700-2\/","title":{"rendered":"1700"},"content":{"rendered":"<div class=\"flex_column av_one_full  flex_column_div av-zero-column-padding first  \" style='border-radius:0px; '><p><div class='avia-image-container  av-styling-    avia-align-center '  itemprop=\"ImageObject\" itemscope=\"itemscope\" itemtype=\"https:\/\/schema.org\/ImageObject\"  ><div class='avia-image-container-inner'><img class='avia_image ' src='https:\/\/sakumois.ee\/wp-content\/uploads\/SAKU-Mois-1ilu.png' alt='' title='SAKU-Mois-1ilu'   itemprop=\"thumbnailUrl\"  \/><\/div><\/div><br \/>\n<div style='padding-bottom:40px;' class='av-special-heading av-special-heading-h1  blockquote modern-quote modern-centered  '><h1 class='av-special-heading-tag '  itemprop=\"headline\"  >1700 &#8211; 1800<\/h1><div class='special-heading-border'><div class='special-heading-inner-border' ><\/div><\/div><\/div><\/p><\/div>\n<div class=\"flex_column av_one_full  flex_column_div first  \" style='padding:0px 0px 0px 3% ; border-radius:0px 0px 0px 0 ; '><p><section class=\"av_textblock_section \"  itemscope=\"itemscope\" itemtype=\"https:\/\/schema.org\/CreativeWork\" ><div class='avia_textblock  '   itemprop=\"text\" ><p>In 1700, brothers Karl Johann and Georg Hastfer pledged the manor to Heinrich Berend von Schulmann. In 1709, Berend von Schulmann died, and the right of pledge of Saku Manor passed to his son, county councillor, and in 1713\u20131715 also to the head of the Estonian Knighthood, Berend Johann von Schulmann. In 1733, the manor was sold and Adam Johann von Hueck became the new owner.<\/p>\n<p><strong>Adam Johann Hueck (1702\u20131764)<\/strong><\/p>\n<p><strong>\u00a0<\/strong><\/p>\n<p>The manor probably remained in the possession of Adam Johann von Hueck, an influential citizen of Tallinn, for a short time.<\/p>\n<p>The Huecks were not even nobles when they got hold of Saku Manor. It is an ancient family of merchants from Westphalia, of whom there are reports from L\u00fcbeck in the early seventeenth century. They could be seen in Tallinn from 1656. In 1816, they received the title of Russian nobility, but they have not been included in the Baltic nobility matricles.<\/p>\n<p>Adam Johann and his wife Anna Christina had four children: three sons and one daughter.<\/p>\n<p>The doors between the Hunting Hall and the Cognac Salon are older than the manor house itself. These doors date from 1730\u20131764, when the manor was owned by the Hueck family (Adam Johann Hueck).<\/p>\n<p>The peculiar oak door of the cognac salon of Saku Manor, finished with dark lacquer, is surrounded by a Renaissance-style designed frame. Both wings of the door are divided into three panels. The panels and sopraportas each have a painting with a burnt pattern with a different composition.<\/p>\n<p>The door has been cleaned and restored years ago. During the work, the signature \u2018J. Hueck\u2019 was discovered on it, which fixes the name of the master. At that time, it was customary to take details from the old building when constructing a new building, and this is probably how these doors got into the manor house.<\/p>\n<p>A similar door is also located in the town house belonging to Huecks at 29 Lai Street, the examination of which proved that both this door and the above-mentioned door of Saku Manor are the work of the same master J. Hueck and date from the end of the eighteenth century. They are accompanied by pattern sample albums.<\/p>\n<p>After the death of A. J. Hueck (1764), the heirs sold the manor to Freiherr Otto Magnus von Rehbinder. The Rehbinder family was one of the richest in the Governorate of Estonia, and in addition to the magnificent Saku Manor on the banks of the V\u00e4\u00e4na River, they owned several other manors in Estonia, Finland, and Sweden.<\/p>\n<p><strong>Otto Magnus von Rehbinder (1727\u20131792)<\/strong><\/p>\n<p>Otto Magnus was a chamberlain and secret adviser to Saxe-Weimar, and in 1787, he received a diploma from the Emperor Joseph II for his services to the court. In 1765, <strong>Otto Magnus von Rehbinder<\/strong>, a progressive and extremely rich man who already owned about a dozen manors in Estonia, also bought Saku Manor. Until 1843, the estate together with the neighbouring Saue manor and J\u00e4lgim\u00e4e manor was in the possession of the Rehbinders.<\/p>\n<p>The story of how the Rehbinders became counts is one of love uniting one Estonian noble family with the rulers of both the German-Roman Empire and the Kingdom of France.<\/p>\n<p>Two great figures in world history are associated with this story: the German-Roman <a href=\"http:\/\/www.delfi.ee\/teemalehed\/keiser\" target=\"_blank\" rel=\"noopener\">emperor<\/a> <a href=\"http:\/\/www.delfi.ee\/teemalehed\/joseph-ii\" target=\"_blank\" rel=\"noopener\">Joseph II<\/a> (1741\u20131790) and the French queen <a href=\"http:\/\/www.delfi.ee\/teemalehed\/marie-antoinette\" target=\"_blank\" rel=\"noopener\">Marie Antoinette<\/a> (1755\u20131793), who is known to have lost her life during the turbulent times of the <a href=\"http:\/\/www.delfi.ee\/teemalehed\/prantsuse-revolutsioon\" target=\"_blank\" rel=\"noopener\">French Revolution<\/a> through guillotine.<\/p>\n<p>Namely, <strong>Otto Magnus von Rehbinder<\/strong>\u2019s youngest son, Karl Friedrich von Rehbinder, wanted to marry Countess Geertruid van Nassau La-Lecq (1768\u20131837), a member of the House of Nassau-Oranje from North Brabant.<\/p>\n<p>Although <strong>Otto Magnus von Rehbinder<\/strong> owned the manors of Udriku, Imastu, Polli, Saku, Liigvalla, and Vanam\u00f5isa, the suitors considered it not enough and thought that it would be appropriate for the future spouse to have at least the title of Count.<\/p>\n<p>Geertruid was Princess Marie Antoinette\u2019s friend and distant relative. Marie Antoinette, in turn, was the sister of the German-Roman emperor Joseph II. Therefore, in 1787, at the request of his sister, the German-Roman emperor Joseph II<\/p>\n<p>awarded the title of Count to Karl Friedrich\u2019s father, Otto Magnus Rehbinder zu Uddrich (1727\u20131792), lord of Udriku Manor. Karl Friedrich, the son of <strong>Otto Magnus<\/strong>, also became a Count. A happy wedding was held in <a href=\"http:\/\/www.delfi.ee\/teemalehed\/lausanne\" target=\"_blank\" rel=\"noopener\">Lausanne<\/a> in 1786 and they lived happily ever after.<\/p>\n<p><strong>Otto Magnus von Rehbinder<\/strong> was married twice and had seven children. His first wife was Agneta Helena von Bistram and the second wife was Freifrau Sophie Katharina Dorothea von der Pahlen.<\/p>\n<p>He had two sons with Sophie Katharina Dorothea von der Pahlen:<\/p>\n<ul>\n<li><strong>Gustav Diedrich von Rehbinder (1756\u20131826)<\/strong><\/li>\n<li><a href=\"https:\/\/erb.nlib.ee\/?otsi=Rehbinder,+Karl+Friedrich+von,+1764-1841&amp;exact=false&amp;register=autorid\" target=\"_blank\" rel=\"noopener\"><strong>Karl Friedrich von Rehbinder (1764\u20131841<\/strong><\/a><strong>)<\/strong><\/li>\n<\/ul>\n<p>To his elder, Gustav Diedrich, his father bequeathed Udriku Manor and to his younger, Karl Friedrich, Saku Manor.<\/p>\n<p>The reign of Count Otto Magnus von Rehbinder in Saku Manor was quite different from that of the previous manor owners. The time of the Rehbinders was the heyday of the manor. Instead of the usual 20 servants, there were 69 of them in Saku. At the turn of the eighteenth and nineteenth centuries, the manor complex included 7 stone buildings and 11 wooden buildings.<\/p>\n<p>Gustav Diedrich von Rehbinder owned a total of 14 manors in Estonia: <a href=\"https:\/\/et.wikipedia.org\/wiki\/Polli_m\u00f5is\" target=\"_blank\" rel=\"noopener\">Polli Manor<\/a> in <a href=\"https:\/\/et.wikipedia.org\/wiki\/Kadrina_kihelkond\" target=\"_blank\" rel=\"noopener\">Kadrina Parish<\/a> in <a href=\"https:\/\/en.wikipedia.org\/wiki\/Virumaa\" target=\"_blank\" rel=\"noopener\">Virumaa<\/a>, <a href=\"https:\/\/et.wikipedia.org\/wiki\/Udriku_m\u00f5is\" target=\"_blank\" rel=\"noopener\">Udriku Manor<\/a>, <a href=\"https:\/\/et.wikipedia.org\/wiki\/Neeruti_m\u00f5is_(Kadrina)\" target=\"_blank\" rel=\"noopener\">Neeruti Manor<\/a>, and <a href=\"https:\/\/et.wikipedia.org\/wiki\/Lautna_m\u00f5is\" target=\"_blank\" rel=\"noopener\">Lautna<\/a>, <a href=\"https:\/\/et.wikipedia.org\/wiki\/Seira_m\u00f5is\" target=\"_blank\" rel=\"noopener\">Seira<\/a>, and <a href=\"https:\/\/et.wikipedia.org\/wiki\/Vanam\u00f5isa_m\u00f5is_(Kirbla)\" target=\"_blank\" rel=\"noopener\">Vanam\u00f5isa manors<\/a> in <a href=\"https:\/\/et.wikipedia.org\/wiki\/L\u00e4\u00e4nemaa\" target=\"_blank\" rel=\"noopener\">L\u00e4\u00e4nemaa<\/a>, where Gustav Dietrich von Rehbinder was the first in Estonia to introduce a threshing machine in 1805.<\/p>\n<p>In the 1820s, Paul Eduard von Rehbinder, the grandson of Otto Magnus, had a high-Classicist representative Saku manor house erected, which is one of the most beautiful in Estonia.<\/p>\n<p><strong>Count Karl Friedrich von Rehbinder (10 November 1764 \u2013 18 November 1841)<\/strong><\/p>\n<p><strong>Count Karl Friedrich von Rehbinder<\/strong> was a Baltic-German landowner of Saku, Saue, Rahula, and J\u00e4lgim\u00e4e.<\/p>\n<p>Karl Friedrich von Rehbinder was the son of Otto Magnus von Rehbinder (1727\u20131792), chamberlain and secret counsel of Saxe-Weimar, and Freifrau Sophie Katharina Dorothea von Pahlen (1737\u20131768).<\/p>\n<p>According to the most common legend, the manor house, which has survived to this day, was commissioned by Count Paul Eduard von Rehbinder between 1825 and 1830, and the architect is believed to have been Carlo Rossi. However, this date cannot be considered correct, as the price of the manor has practically not changed between 1820 and 1845 \u2013 in both cases, it is a little over 90,000 silver roubles. However, such a building cost at least 35,000 silver roubles at that time. Thus, the mansion had to be completed before 1820. It is more likely that the building was ordered by Count<\/p>\n<p>Karl Friedrich von Rehbinder (date of death 18 November 1841; buried in the churchyard of Keila), who could not be inferior to his older brother, Count Gustav Dietrich von Rehbinder, in terms of his place of residence. The latter had built his home as a small palace in Udriku. Karl Friedrich\u2019s wife, the Countess of Nassau and the heiress of Leck\u2019s estates, were also accustomed to a much higher standard of living than provincial manors such as the old-fashioned Saue or Saku, which was considered uninhabitable, could offer at the turn of the century.<\/p>\n<p>The residential building erected in Saku Manor is undoubtedly one of the most successful Classicist buildings in Estonia. This forces us to look for its designer among the most famous architects of Russia at that time. It is possible that it was Giacomo Quarenghi (1744\u20131817), who arrived in St. Petersburg in 1780 and is also known to be the author of the design of the monument to Admiral Samuel Greigh in Tallinn Cathedral.<\/p>\n<p><strong>Count Karl Friedrich von Rehbinder<\/strong> founded his own brewery in Saku Manor, and many Estonians are probably aware that this is the oldest brewery in Estonia that has consistently operated in one location \u2013 Saku Brewery.<\/p>\n<p>Karl Friedrich von Rehbinder was married to Geertruid Fran\u00e7oise Elisabeth van Nassau-La Lecq and they lived happily ever after. They had five children (four sons and one daughter):<\/p>\n<ul>\n<li>Count\u00a0<a href=\"https:\/\/et.wikipedia.org\/w\/index.php?title=Otto_Albrecht_Friedrich_von_Rehbinder&amp;action=edit&amp;redlink=1\" target=\"_blank\" rel=\"noopener\">Otto Albrecht Friedrich von Rehbinder<\/a>\u00a0(<a href=\"https:\/\/en.wikipedia.org\/wiki\/December_14\" target=\"_blank\" rel=\"noopener\">14 December<\/a>\u00a0<a href=\"https:\/\/en.wikipedia.org\/wiki\/1786\" target=\"_blank\" rel=\"noopener\">1786<\/a>\u00a0<a href=\"https:\/\/en.wikipedia.org\/wiki\/Tallinn\" target=\"_blank\" rel=\"noopener\">Tallinn<\/a>\u00a0\u2013\u00a0<a href=\"https:\/\/en.wikipedia.org\/wiki\/January_25\" target=\"_blank\" rel=\"noopener\">25 January<\/a>\u00a0<a href=\"https:\/\/en.wikipedia.org\/wiki\/1813\" target=\"_blank\" rel=\"noopener\">1813<\/a>\u00a0<a href=\"https:\/\/et.wikipedia.org\/wiki\/J\u00e4lgim\u00e4e_m\u00f5is\" target=\"_blank\" rel=\"noopener\">J\u00e4lgim\u00e4e Manor<\/a>), landlord of J\u00e4lgim\u00e4e, Saue, and Rahula.<\/li>\n<li>Count\u00a0<a href=\"https:\/\/et.wikipedia.org\/w\/index.php?title=Paul_Eduard_von_Rehbinder&amp;action=edit&amp;redlink=1\" target=\"_blank\" rel=\"noopener\">Paul Eduard von Rehbinder<\/a>\u00a0(<a href=\"https:\/\/en.wikipedia.org\/wiki\/January_27\" target=\"_blank\" rel=\"noopener\">27 January<\/a>\u00a0<a href=\"https:\/\/en.wikipedia.org\/wiki\/1794\" target=\"_blank\" rel=\"noopener\">1794<\/a>\u00a0Saue Manor \u2013\u00a0<a href=\"https:\/\/en.wikipedia.org\/wiki\/April_28\" target=\"_blank\" rel=\"noopener\">28 April<\/a>\u00a0<a href=\"https:\/\/en.wikipedia.org\/wiki\/1870\" target=\"_blank\" rel=\"noopener\">1870<\/a>\u00a0Tallinn), landlord of Saku, Saue, and <a href=\"https:\/\/et.wikipedia.org\/wiki\/Riidaku_m\u00f5is\" target=\"_blank\" rel=\"noopener\">Riidaku<\/a>.<\/li>\n<li>Count\u00a0<a href=\"https:\/\/et.wikipedia.org\/w\/index.php?title=Gustav_Konstantin_von_Rehbinder&amp;action=edit&amp;redlink=1\" target=\"_blank\" rel=\"noopener\">Gustav Konstantin von Rehbinder<\/a>\u00a0(<a href=\"https:\/\/en.wikipedia.org\/wiki\/February_14\" target=\"_blank\" rel=\"noopener\">14 February<\/a>\u00a0<a href=\"https:\/\/en.wikipedia.org\/wiki\/1795\" target=\"_blank\" rel=\"noopener\">1795<\/a>\u00a0Saue Manor \u2013\u00a0<a href=\"https:\/\/en.wikipedia.org\/wiki\/December_12\" target=\"_blank\" rel=\"noopener\">12 December<\/a>\u00a0<a href=\"https:\/\/en.wikipedia.org\/wiki\/1822\" target=\"_blank\" rel=\"noopener\">1822<\/a>\u00a0J\u00e4lgim\u00e4e Manor), J\u00e4lgim\u00e4e landlord.<\/li>\n<li>Count\u00a0<a href=\"https:\/\/et.wikipedia.org\/w\/index.php?title=Carl_Jacob_August_von_Rehbinder&amp;action=edit&amp;redlink=1\" target=\"_blank\" rel=\"noopener\">Carl Jacob August von Rehbinder<\/a>\u00a0(baptised\u00a0<a href=\"https:\/\/en.wikipedia.org\/wiki\/June_19\" target=\"_blank\" rel=\"noopener\">19 June<\/a>\u00a0<a href=\"https:\/\/en.wikipedia.org\/wiki\/1797\" target=\"_blank\" rel=\"noopener\">1797<\/a>\u00a0at the Saue Manor; died on\u00a0<a href=\"https:\/\/en.wikipedia.org\/wiki\/October_22\" target=\"_blank\" rel=\"noopener\">22 October<\/a>\u00a0<a href=\"https:\/\/en.wikipedia.org\/wiki\/1799\" target=\"_blank\" rel=\"noopener\">1799<\/a>).<\/li>\n<li>Countess\u00a0<a href=\"https:\/\/et.wikipedia.org\/w\/index.php?title=Karoline_Luise_von_Rehbinder&amp;action=edit&amp;redlink=1\" target=\"_blank\" rel=\"noopener\">Karoline Luise von Rehbinder<\/a>\u00a0(<a href=\"https:\/\/en.wikipedia.org\/wiki\/February_16\" target=\"_blank\" rel=\"noopener\">16 February<\/a>\u00a0<a href=\"https:\/\/en.wikipedia.org\/wiki\/1802\" target=\"_blank\" rel=\"noopener\">1802<\/a>\u00a0Saue Manor \u2013 March\u00a0<a href=\"https:\/\/en.wikipedia.org\/wiki\/1877\" target=\"_blank\" rel=\"noopener\">1877<\/a>), married Count <a href=\"https:\/\/et.wikipedia.org\/w\/index.php?title=Carl_Theodor_von_Manteuffel&amp;action=edit&amp;redlink=1\" target=\"_blank\" rel=\"noopener\">Carl Theodor von Manteuffelel<\/a>\u00a0(1798\u20131868) and later\u00a0<a href=\"https:\/\/et.wikipedia.org\/w\/index.php?title=Julius_Johan_Fehst&amp;action=edit&amp;redlink=1\" target=\"_blank\" rel=\"noopener\">Julius Johan Fehst<\/a>\u00a0(died in 1866).<\/li>\n<\/ul>\n<p>The man, described by the people as the \u2018dreaded count\u2019, also founded a small brewery.<\/p>\n<p>Paul Eduard Rehbinder got the manor in 1820 from his father, Count Karl Friedrich Rehbinder (1764\u20131841), who continued as the landlord of Saue Manor.<\/p>\n<p>The Rehbinders owned Saku Manor and the manor lands for almost 80 years (1765\u20131843), but their extravagant way of life forced them to sell the estates in Saku to Rudolf von Patkul in 1843. The latter kept the manor as an investment for 7 years and then sold it with a large profit in 1850 to Carl von Baggehufwudt, whose successor Valerio was the last landlord of Saku Manor.<\/p>\n<\/div><\/section><br \/>\n<div style='height:70px' class='hr hr-invisible  '><span class='hr-inner ' ><span class='hr-inner-style'><\/span><\/span><\/div><\/p><\/div><div class='avia-image-container  av-styling-    avia-align-center '  itemprop=\"ImageObject\" itemscope=\"itemscope\" itemtype=\"https:\/\/schema.org\/ImageObject\"  ><div class='avia-image-container-inner'><img class='avia_image ' src='https:\/\/sakumois.ee\/wp-content\/uploads\/SAKU-Mois-1ilu.png' alt='' title='SAKU-Mois-1ilu'   itemprop=\"thumbnailUrl\"  \/><\/div><\/div><\/p>\n","protected":false},"excerpt":{"rendered":"","protected":false},"author":3,"featured_media":0,"parent":0,"menu_order":0,"comment_status":"closed","ping_status":"closed","template":"","meta":{"footnotes":""},"class_list":["post-5021","page","type-page","status-publish","hentry"],"_links":{"self":[{"href":"https:\/\/sakumois.ee\/en\/wp-json\/wp\/v2\/pages\/5021","targetHints":{"allow":["GET"]}}],"collection":[{"href":"https:\/\/sakumois.ee\/en\/wp-json\/wp\/v2\/pages"}],"about":[{"href":"https:\/\/sakumois.ee\/en\/wp-json\/wp\/v2\/types\/page"}],"author":[{"embeddable":true,"href":"https:\/\/sakumois.ee\/en\/wp-json\/wp\/v2\/users\/3"}],"replies":[{"embeddable":true,"href":"https:\/\/sakumois.ee\/en\/wp-json\/wp\/v2\/comments?post=5021"}],"version-history":[{"count":3,"href":"https:\/\/sakumois.ee\/en\/wp-json\/wp\/v2\/pages\/5021\/revisions"}],"predecessor-version":[{"id":5024,"href":"https:\/\/sakumois.ee\/en\/wp-json\/wp\/v2\/pages\/5021\/revisions\/5024"}],"wp:attachment":[{"href":"https:\/\/sakumois.ee\/en\/wp-json\/wp\/v2\/media?parent=5021"}],"curies":[{"name":"wp","href":"https:\/\/api.w.org\/{rel}","templated":true}]}}